 {"id":173,"date":"2017-11-02T15:04:58","date_gmt":"2017-11-02T14:04:58","guid":{"rendered":"http:\/\/graphiclab.nl\/autoschoonhoven\/?page_id=2"},"modified":"2018-05-02T14:04:36","modified_gmt":"2018-05-02T14:04:36","slug":"voorbeeld-pagina","status":"publish","type":"page","link":"https:\/\/www.autoschoonhoven.nl\/","title":{"rendered":"Home"},"content":{"rendered":"<p>[et_pb_section fb_built=&#8221;1&#8243; fullwidth=&#8221;on&#8221; _builder_version=&#8221;3.0.105&#8243; custom_padding=&#8221;0px|0px|0px|0px&#8221; bottom_divider_style=&#8221;arrow3&#8243; bottom_divider_color=&#8221;#134124&#8243;][et_pb_fullwidth_header header_fullscreen=&#8221;on&#8221; _builder_version=&#8221;3.0.105&#8243; background_image=&#8221;https:\/\/www.autoschoonhoven.nl\/wp-content\/uploads\/2018\/03\/neonbrand-386676-unsplash.jpg&#8221;]\u00a0<br \/>\n[\/et_pb_fullwidth_header][\/et_pb_section][et_pb_section fb_built=&#8221;1&#8243; module_class=&#8221;diagonal-shadow&#8221; _builder_version=&#8221;3.0.85&#8243; custom_padding=&#8221;30px|0px|30px|0px&#8221;][et_pb_row _builder_version=&#8221;3.0.85&#8243;][et_pb_column type=&#8221;1_3&#8243; _builder_version=&#8221;3.0.47&#8243; parallax=&#8221;off&#8221; parallax_method=&#8221;on&#8221;][et_pb_blurb title=&#8221;Onderhoud &#038; Reparatie &#8221; use_icon=&#8221;on&#8221; font_icon=&#8221;%%173%%&#8221; icon_color=&#8221;#114c29&#8243; _builder_version=&#8221;3.0.105&#8243; header_font=&#8221;Montserrat||||||||&#8221; header_text_align=&#8221;center&#8221; header_text_color=&#8221;#c0ba96&#8243; body_text_align=&#8221;center&#8221; text_orientation=&#8221;center&#8221; animation=&#8221;off&#8221;]<\/p>\n<p>Uw 4 wheel drive auto in optimale conditie houden voor jarenlang rijplezier<\/p>\n<p>[\/et_pb_blurb][\/et_pb_column][et_pb_column type=&#8221;1_3&#8243; _builder_version=&#8221;3.0.47&#8243; parallax=&#8221;off&#8221; parallax_method=&#8221;on&#8221;][et_pb_blurb title=&#8221;Apk &#038; Voertuiginspectie&#8221; use_icon=&#8221;on&#8221; font_icon=&#8221;%%75%%&#8221; icon_color=&#8221;#114c29&#8243; _builder_version=&#8221;3.0.85&#8243; header_font=&#8221;Montserrat||||||||&#8221; header_text_align=&#8221;center&#8221; header_text_color=&#8221;#c0ba96&#8243; body_text_align=&#8221;center&#8221; text_orientation=&#8221;center&#8221; animation=&#8221;off&#8221;]Weer snel op weg dankzij onze<br \/>\nsnelle reparatie service<br \/>\n[\/et_pb_blurb][\/et_pb_column][et_pb_column type=&#8221;1_3&#8243; _builder_version=&#8221;3.0.47&#8243; parallax=&#8221;off&#8221; parallax_method=&#8221;on&#8221;][et_pb_blurb title=&#8221;Preparatie &#038; Customizing&#8221; use_icon=&#8221;on&#8221; font_icon=&#8221;%%176%%&#8221; icon_color=&#8221;#114c29&#8243; _builder_version=&#8221;3.0.85&#8243; header_font=&#8221;Montserrat||||||||&#8221; header_text_align=&#8221;center&#8221; header_text_color=&#8221;#c0ba96&#8243; body_text_align=&#8221;center&#8221; text_orientation=&#8221;center&#8221; animation=&#8221;off&#8221;]<\/p>\n<p>We maken het uiterlijk van uw 4 wheeldrive zoals u wilt. Voor recreatief en professioneel gebruik.<\/p>\n<p>[\/et_pb_blurb][\/et_pb_column][\/et_pb_row][\/et_pb_section][et_pb_section fb_built=&#8221;1&#8243; _builder_version=&#8221;3.0.85&#8243;][et_pb_row custom_padding=&#8221;25.5938px|0px|0px|0px&#8221; _builder_version=&#8221;3.0.85&#8243;][et_pb_column type=&#8221;1_2&#8243; _builder_version=&#8221;3.0.47&#8243; parallax=&#8221;off&#8221; parallax_method=&#8221;on&#8221;][et_pb_text _builder_version=&#8221;3.0.85&#8243; header_2_text_color=&#8221;#134b27&#8243;]<\/p>\n<p><span style=\"font-family: Verdana, Arial, Helvetica, sans-serif; font-size: small;\"><span style=\"font-size: large;\"><strong>Welkom bij Autoschoonhoven<\/strong><\/span><\/span><\/p>\n<p>Wij zijn gespecialiseerd in 4 wheel drive auto&#8217;s: onze <a href=\"http:\/\/www.schoonhovencars.nl\/\">occasions<\/a> worden grondig nagekeken en zijn allemaal APK gekeurd. U kunt ze \u00e9\u00e9n voor \u00e9\u00e9n bekijken of gericht zoeken in onze brede aanbod van merken zoals Jeep, Suzuki en Mitsubishi. Financiering kan ook geregeld worden.<\/p>\n<p>Behalve voor de autoverkoop kunt u bij ons terecht voor onderdelen, <a href=\"onderhoud-en-reparatie\/\">reparaties en onderhoud van uw 4 wheel drive<\/a>, <a href=\"apk-en-voertuiginspectie\/\">APK<\/a>, en de<a href=\"preparatie-en-customizing-4-wheel-drive\/\"> preparatie &amp; customizing van uw 4 wheeldrive<\/a>.\u00a0Ook kunt u bij ons terecht voor reparaties en onderhoud en APK van personenauto&#8217;s die niet met 4 wielen zijn aangedreven.<\/p>\n<p>Natuurlijk bent u van harte welkom om onze occassions te bekijken op ons adres Harderwijkerweg 441 te Hulshorst. Indien gewenst kunt u vooraf, via e-mail of telefonisch een afspraak maken. U kunt eventueel een proefrit maken in de auto waarin u geinteresseerd bent.<span style=\"color: #ffffff; font-family: Verdana, Arial, Helvetica, sans-serif; font-size: small;\"><br \/> <\/span><\/p>\n<p>[\/et_pb_text][et_pb_text _builder_version=&#8221;3.0.85&#8243; header_2_text_color=&#8221;#134b27&#8243;]<img decoding=\"async\" loading=\"lazy\" class=\"size-full wp-image-94 alignleft\" src=\"https:\/\/www.autoschoonhoven.nl\/wp-content\/uploads\/2017\/11\/HEC11-1008_Webbanner_WKD_B2C_234x60_V2.gif\" alt=\"\" width=\"234\" height=\"60\" \/><br \/>\n[\/et_pb_text][\/et_pb_column][et_pb_column type=&#8221;1_2&#8243; _builder_version=&#8221;3.0.47&#8243; parallax=&#8221;off&#8221; parallax_method=&#8221;on&#8221;][et_pb_text _builder_version=&#8221;3.0.105&#8243; header_2_font=&#8221;Montserrat|600|||||||&#8221; header_2_text_align=&#8221;center&#8221;]<\/p>\n<h2><strong>Impressie<\/strong><\/h2>\n<p>[\/et_pb_text][et_pb_gallery gallery_ids=&#8221;235,231,234,233,232,229,230,239,240,237,238,236&#8243; gallery_captions=&#8221;4&#215;4 Zwart-rood,4&#215;4 Zwart,4&#215;4 Zwart,4&#215;4 oranje,4&#215;4 Rood&#8221; posts_number=&#8221;4&#8243; show_title_and_caption=&#8221;off&#8221; _builder_version=&#8221;3.0.105&#8243; pagination_font_size_tablet=&#8221;51&#8243; pagination_text_color=&#8221;#134b27&#8243; pagination_line_height_tablet=&#8221;2&#8243;]\u00a0<br \/>\n[\/et_pb_gallery][\/et_pb_column][\/et_pb_row][\/et_pb_section]<\/p>\n","protected":false},"excerpt":{"rendered":"<p>[et_pb_section fb_built=&#8221;1&#8243; fullwidth=&#8221;on&#8221; _builder_version=&#8221;3.0.105&#8243; custom_padding=&#8221;0px|0px|0px|0px&#8221; bottom_divider_style=&#8221;arrow3&#8243; bottom_divider_color=&#8221;#134124&#8243;][et_pb_fullwidth_header header_fullscreen=&#8221;on&#8221; _builder_version=&#8221;3.0.105&#8243; background_image=&#8221;https:\/\/www.autoschoonhoven.nl\/wp-content\/uploads\/2018\/03\/neonbrand-386676-unsplash.jpg&#8221;]\u00a0 [\/et_pb_fullwidth_header][\/et_pb_section][et_pb_section fb_built=&#8221;1&#8243; module_class=&#8221;diagonal-shadow&#8221; _builder_version=&#8221;3.0.85&#8243; custom_padding=&#8221;30px|0px|30px|0px&#8221;][et_pb_row _builder_version=&#8221;3.0.85&#8243;][et_pb_column type=&#8221;1_3&#8243; _builder_version=&#8221;3.0.47&#8243; parallax=&#8221;off&#8221; parallax_method=&#8221;on&#8221;][et_pb_blurb title=&#8221;Onderhoud &#038; Reparatie &#8221; use_icon=&#8221;on&#8221; font_icon=&#8221;%%173%%&#8221; icon_color=&#8221;#114c29&#8243; _builder_version=&#8221;3.0.105&#8243; header_font=&#8221;Montserrat||||||||&#8221; header_text_align=&#8221;center&#8221; header_text_color=&#8221;#c0ba96&#8243; body_text_align=&#8221;center&#8221; text_orientation=&#8221;center&#8221; animation=&#8221;off&#8221;] Uw 4 wheel drive auto in optimale conditie houden voor jarenlang rijplezier [\/et_pb_blurb][\/et_pb_column][et_pb_column type=&#8221;1_3&#8243; _builder_version=&#8221;3.0.47&#8243; parallax=&#8221;off&#8221; parallax_method=&#8221;on&#8221;][et_pb_blurb title=&#8221;Apk &#038; Voertuiginspectie&#8221; use_icon=&#8221;on&#8221; [&hellip;]<\/p>\n","protected":false},"author":1,"featured_media":0,"parent":0,"menu_order":0,"comment_status":"closed","ping_status":"closed","template":"","meta":[],"_links":{"self":[{"href":"https:\/\/www.autoschoonhoven.nl\/index.php?rest_route=\/wp\/v2\/pages\/173"}],"collection":[{"href":"https:\/\/www.autoschoonhoven.nl\/index.php?rest_route=\/wp\/v2\/pages"}],"about":[{"href":"https:\/\/www.autoschoonhoven.nl\/index.php?rest_route=\/wp\/v2\/types\/page"}],"author":[{"embeddable":true,"href":"https:\/\/www.autoschoonhoven.nl\/index.php?rest_route=\/wp\/v2\/users\/1"}],"replies":[{"embeddable":true,"href":"https:\/\/www.autoschoonhoven.nl\/index.php?rest_route=%2Fwp%2Fv2%2Fcomments&post=173"}],"version-history":[{"count":16,"href":"https:\/\/www.autoschoonhoven.nl\/index.php?rest_route=\/wp\/v2\/pages\/173\/revisions"}],"predecessor-version":[{"id":307,"href":"https:\/\/www.autoschoonhoven.nl\/index.php?rest_route=\/wp\/v2\/pages\/173\/revisions\/307"}],"wp:attachment":[{"href":"https:\/\/www.autoschoonhoven.nl\/index.php?rest_route=%2Fwp%2Fv2%2Fmedia&parent=173"}],"curies":[{"name":"wp","href":"https:\/\/api.w.org\/{rel}","templated":true}]}}